{"id":114,"date":"2019-10-30T12:31:56","date_gmt":"2019-10-30T11:31:56","guid":{"rendered":"https:\/\/faber-solartechnik.eu\/?page_id=114"},"modified":"2025-10-29T18:04:04","modified_gmt":"2025-10-29T17:04:04","slug":"imprimir","status":"publish","type":"page","link":"https:\/\/faber-etec.de\/es\/impressum\/","title":{"rendered":"Pie de imprenta de Faber E-Tec GmbH"},"content":{"rendered":"<div data-elementor-type=\"wp-page\" data-elementor-id=\"114\" class=\"elementor elementor-114\" data-elementor-post-type=\"page\">\n\t\t\t\t<div class=\"elementor-element elementor-element-604caec e-flex e-con-boxed e-con e-parent\" data-id=\"604caec\" data-element_type=\"container\" data-e-type=\"container\">\n\t\t\t\t\t<div class=\"e-con-inner\">\n\t\t<div class=\"elementor-element elementor-element-11c7a63 e-con-full e-flex e-con e-child\" data-id=\"11c7a63\" data-element_type=\"container\" data-e-type=\"container\">\n\t\t\t\t<div class=\"elementor-element elementor-element-9c46a3c elementor-widget elementor-widget-text-editor\" data-id=\"9c46a3c\" data-element_type=\"widget\" data-e-type=\"widget\" data-widget_type=\"text-editor.default\">\n\t\t\t\t<div class=\"elementor-widget-container\">\n\t\t\t\t\t\t\t\t\t<p><b>Informaci\u00f3n conforme al art\u00edculo 5 de la TMG:<br \/><\/b>Faber E-Tec GmbH<br \/>Bachstrasse 21<br \/>D-32257 B\u00fcnde<\/p><div><b>Representado por:<br \/><\/b>Waldemar Faber (GF)<br \/>Angelo Lella (Director t\u00e9cnico)\u00a0<\/div><div>\u00a0<\/div><p><b>Contacto:<br \/><\/b>Tel. +49 (0) 5223 . 65708 00 <br \/>Telefax. +49 (0) 5223 . 4926 171<br \/>correo electr\u00f3nico: <a  href=\"mailto:info@faber-etec.de\" title=\"Info@faber Etec.de - info@faber-etec.de\">info@faber-etec.de<\/a><\/p>\t\t\t\t\t\t\t\t<\/div>\n\t\t\t\t<\/div>\n\t\t\t\t<\/div>\n\t\t<div class=\"elementor-element elementor-element-8037579 e-con-full e-flex e-con e-child\" data-id=\"8037579\" data-element_type=\"container\" data-e-type=\"container\">\n\t\t\t\t<div class=\"elementor-element elementor-element-aef2c2e elementor-widget elementor-widget-text-editor\" data-id=\"aef2c2e\" data-element_type=\"widget\" data-e-type=\"widget\" data-widget_type=\"text-editor.default\">\n\t\t\t\t<div class=\"elementor-widget-container\">\n\t\t\t\t\t\t\t\t\t<p><span style=\"font-size: 1rem;\"><span style=\"font-weight: 600;\">Registre su entrada:<br \/><\/span><\/span><span style=\"font-size: 1rem;\">Juzgado de Primera Instancia de Bad Oeynhausen HRB 18199<br \/><\/span><span style=\"font-size: 1rem;\">Agencia Tributaria de B\u00fcnde<br \/><\/span><\/p><p><span style=\"font-weight: 600;\">N\u00famero de identificaci\u00f3n fiscal<br \/><\/span>de conformidad con el art\u00edculo 27a de la Ley del Impuesto sobre el Valor A\u00f1adido:<br \/>IVA ID - DE349700086<br \/>N\u00famero de identificaci\u00f3n fiscal 310\/5724\/2178<\/p><p><span style=\"font-weight: 600;\">Responsable del contenido seg\u00fan \u00a7 55 Abs. 2 RStV:<br \/><\/span>Waldemar Faber<br \/><span style=\"font-size: 1rem;\">Bachstrasse 21<br \/>32257 B\u00fcnde<\/span><\/p>\t\t\t\t\t\t\t\t<\/div>\n\t\t\t\t<\/div>\n\t\t\t\t<\/div>\n\t\t\t\t\t<\/div>\n\t\t\t\t<\/div>\n\t\t<div class=\"elementor-element elementor-element-bd1b92d e-flex e-con-boxed e-con e-parent\" data-id=\"bd1b92d\" data-element_type=\"container\" data-e-type=\"container\" data-settings=\"{&quot;background_background&quot;:&quot;classic&quot;}\">\n\t\t\t\t\t<div class=\"e-con-inner\">\n\t\t<div class=\"elementor-element elementor-element-6f990ad e-con-full e-flex e-con e-child\" data-id=\"6f990ad\" data-element_type=\"container\" data-e-type=\"container\">\n\t\t\t\t<div class=\"elementor-element elementor-element-ee45d77 elementor-widget elementor-widget-heading\" data-id=\"ee45d77\" data-element_type=\"widget\" data-e-type=\"widget\" data-widget_type=\"heading.default\">\n\t\t\t\t<div class=\"elementor-widget-container\">\n\t\t\t\t\t<h2 class=\"elementor-heading-title elementor-size-default\">Resoluci\u00f3n de litigios<\/h2>\t\t\t\t<\/div>\n\t\t\t\t<\/div>\n\t\t\t\t<div class=\"elementor-element elementor-element-520bcd7 elementor-widget elementor-widget-text-editor\" data-id=\"520bcd7\" data-element_type=\"widget\" data-e-type=\"widget\" data-widget_type=\"text-editor.default\">\n\t\t\t\t<div class=\"elementor-widget-container\">\n\t\t\t\t\t\t\t\t\t<p>La Comisi\u00f3n Europea ofrece una plataforma para la resoluci\u00f3n de litigios en l\u00ednea (OS):<a href=\"https:\/\/consumer-redress.ec.europa.eu\/index_de\" title=\"\u00cdndice De - https:\/\/consumer-redress.ec.europa.eu\/index_dehttps:\/\/ec.europa.eu\/consumers\/odr\" target=\"_blank\" rel=\"noopener\">\u00a0https:\/\/consumer-redress.ec.europa.eu\/index_dehttps:\/\/ec.europa.eu\/consumers\/odr<\/a>.<br \/>Encontrar\u00e1 nuestra direcci\u00f3n de correo electr\u00f3nico en el aviso legal anterior.<\/p>\t\t\t\t\t\t\t\t<\/div>\n\t\t\t\t<\/div>\n\t\t\t\t<div class=\"elementor-element elementor-element-58d6998 elementor-widget elementor-widget-spacer\" data-id=\"58d6998\" data-element_type=\"widget\" data-e-type=\"widget\" data-widget_type=\"spacer.default\">\n\t\t\t\t<div class=\"elementor-widget-container\">\n\t\t\t\t\t\t\t<div class=\"elementor-spacer\">\n\t\t\t<div class=\"elementor-spacer-inner\"><\/div>\n\t\t<\/div>\n\t\t\t\t\t\t<\/div>\n\t\t\t\t<\/div>\n\t\t\t\t<div class=\"elementor-element elementor-element-481cdd6 elementor-widget elementor-widget-heading\" data-id=\"481cdd6\" data-element_type=\"widget\" data-e-type=\"widget\" data-widget_type=\"heading.default\">\n\t\t\t\t<div class=\"elementor-widget-container\">\n\t\t\t\t\t<h3 class=\"elementor-heading-title elementor-size-default\">Descargo de responsabilidad<\/h3>\t\t\t\t<\/div>\n\t\t\t\t<\/div>\n\t\t\t\t<div class=\"elementor-element elementor-element-a657ef4 elementor-widget elementor-widget-text-editor\" data-id=\"a657ef4\" data-element_type=\"widget\" data-e-type=\"widget\" data-widget_type=\"text-editor.default\">\n\t\t\t\t<div class=\"elementor-widget-container\">\n\t\t\t\t\t\t\t\t\t<p>Los documentos, muestras y plantillas contenidos en nuestro paquete de conocimientos sobre el RGPD han sido creados por los autores bas\u00e1ndose en la bibliograf\u00eda disponible en la actualidad. Sirven como evaluaci\u00f3n inicial de los posibles problemas que plantea el Reglamento General de Protecci\u00f3n de Datos (RGPD). Debe tenerse en cuenta que muchos de los problemas aqu\u00ed tratados a\u00fan no se han aclarado de forma concluyente, en particular mediante sentencias del Tribunal Supremo, y en algunos casos las autoridades estatales de protecci\u00f3n de datos a\u00fan no han emitido declaraciones, por lo que en algunos puntos se mantienen opiniones diferentes. Por lo tanto, los autores no asumen ninguna responsabilidad por la exactitud e integridad de este documento. En particular, debe tenerse en cuenta que cada caso debe examinarse por separado y no sustituye al asesoramiento jur\u00eddico individual.<\/p>\t\t\t\t\t\t\t\t<\/div>\n\t\t\t\t<\/div>\n\t\t\t\t<div class=\"elementor-element elementor-element-b456f2b elementor-widget elementor-widget-spacer\" data-id=\"b456f2b\" data-element_type=\"widget\" data-e-type=\"widget\" data-widget_type=\"spacer.default\">\n\t\t\t\t<div class=\"elementor-widget-container\">\n\t\t\t\t\t\t\t<div class=\"elementor-spacer\">\n\t\t\t<div class=\"elementor-spacer-inner\"><\/div>\n\t\t<\/div>\n\t\t\t\t\t\t<\/div>\n\t\t\t\t<\/div>\n\t\t\t\t<div class=\"elementor-element elementor-element-600e099 elementor-widget elementor-widget-heading\" data-id=\"600e099\" data-element_type=\"widget\" data-e-type=\"widget\" data-widget_type=\"heading.default\">\n\t\t\t\t<div class=\"elementor-widget-container\">\n\t\t\t\t\t<h3 class=\"elementor-heading-title elementor-size-default\">Cr\u00e9ditos de las im\u00e1genes<\/h3>\t\t\t\t<\/div>\n\t\t\t\t<\/div>\n\t\t\t\t<div class=\"elementor-element elementor-element-8b709e4 elementor-widget elementor-widget-text-editor\" data-id=\"8b709e4\" data-element_type=\"widget\" data-e-type=\"widget\" data-widget_type=\"text-editor.default\">\n\t\t\t\t<div class=\"elementor-widget-container\">\n\t\t\t\t\t\t\t\t\t<p><a href=\"https:\/\/de.freepik.com\/fotos-vektoren-kostenlos\/hintergrund\" title=\"Fondo - Vector de fondo creado por rawpixel.com - es.freepik.com\" target=\"_blank\" rel=\"noopener nofollow\">Vector de fondo creado por rawpixel.com - es.freepik.com<\/a> <a href=\"https:\/\/de.123rf.com\/profile_artjazz\" title=\"Perfil Artjazz - artjazz\" rel=\"nofollow noopener\" target=\"_blank\">artjazz<\/a> <a href=\"https:\/\/de.123rf.com\/profile_angelha\" title=\"Perfil Angelha - angelha\" rel=\"nofollow noopener\" target=\"_blank\">angelha<\/a> <a title=\"iconos de espa\u00f1a\" href=\"https:\/\/www.flaticon.com\/free-icons\/spain\" rel=\"nofollow noopener\" target=\"_blank\">Iconos de Espa\u00f1a creados por iconset.co - Flaticon<\/a> <a title=\"iconos de francia\" href=\"https:\/\/www.flaticon.com\/free-icons\/france\" rel=\"nofollow noopener\" target=\"_blank\">Iconos de Francia creados por IYAHICON - Flaticon<\/a> <a title=\"iconos de los pa\u00edses bajos\" href=\"https:\/\/www.flaticon.com\/free-icons\/netherlands\" rel=\"nofollow noopener\" target=\"_blank\">Iconos de los Pa\u00edses Bajos creados por Xinh Studio - Flaticon<\/a> <a title=\"iconos de auriculares\" href=\"https:\/\/www.flaticon.com\/free-icons\/headset\" rel=\"nofollow noopener\" target=\"_blank\">Iconos de auriculares creados por Kiranshastry - Flaticon<\/a> <a title=\"iconos de asistencia en l\u00ednea\" href=\"https:\/\/www.flaticon.com\/free-icons\/online-support\" rel=\"nofollow noopener\" target=\"_blank\">Iconos de soporte en l\u00ednea creados por Freepik - Flaticon<\/a> <a title=\"iconos de alemania\" href=\"https:\/\/www.flaticon.com\/free-icons\/germany\" rel=\"nofollow noopener\" target=\"_blank\">Alemania iconos creados por Freepik - Flaticon<\/a> <a title=\"iconos de atenci\u00f3n al cliente\" href=\"https:\/\/www.flaticon.com\/free-icons\/customer-service\" rel=\"nofollow noopener\" target=\"_blank\">Iconos de atenci\u00f3n al cliente creados por Eucalyp - Flaticon<\/a> <a title=\"iconos de atenci\u00f3n al cliente\" href=\"https:\/\/www.flaticon.com\/free-icons\/customer-service\" rel=\"nofollow noopener\" target=\"_blank\">Iconos de servicio al cliente creados por Freepik - Flaticon<\/a> <a title=\"iconos del tel\u00e9fono\" href=\"https:\/\/www.flaticon.com\/free-icons\/phone\" rel=\"nofollow noopener\" target=\"_blank\">Iconos de tel\u00e9fono creados por Freepik - Flaticon<\/a> <a title=\"iconos de electricidad\" href=\"https:\/\/www.flaticon.com\/free-icons\/electricity\" rel=\"nofollow noopener\" target=\"_blank\">Iconos de electricidad creados por Freepik - Flaticon<\/a> <a title=\"iconos de aparcamiento\" href=\"https:\/\/www.flaticon.com\/free-icons\/parking\" rel=\"nofollow noopener\" target=\"_blank\">Iconos de aparcamiento creados por edt.im - Flaticon<\/a> <a title=\"iconos de ventilaci\u00f3n\" href=\"https:\/\/www.flaticon.com\/free-icons\/ventilation\" rel=\"nofollow noopener\" target=\"_blank\">Iconos de ventilaci\u00f3n creados por Kida - Flaticon<\/a> <a title=\"iconos remotos\" href=\"https:\/\/www.flaticon.com\/free-icons\/remote\" rel=\"nofollow noopener\" target=\"_blank\">Iconos remotos creados por Sir.Vector - Flaticon<\/a> <a title=\"iconos de presentaci\u00f3n\" href=\"https:\/\/www.flaticon.com\/free-icons\/submission\" rel=\"nofollow noopener\" target=\"_blank\">Iconos de presentaci\u00f3n creados por cah nggunung - Flaticon<\/a> <a title=\"anm31 iconos\" href=\"https:\/\/www.flaticon.com\/free-icons\/anm31\" rel=\"nofollow noopener\" target=\"_blank\">Anm31 iconos creados por Nsit - Flaticon<\/a> <a title=\"iconos de transformadores\" href=\"https:\/\/www.flaticon.com\/free-icons\/transformer\" rel=\"nofollow noopener\" target=\"_blank\">Iconos de Transformers creados por yunaspandusatria - Flaticon<\/a> <a href=\"https:\/\/www.freepik.com\/free-psd\/half-side-view-box-truck-isolated-background_50435083.htm#fromView=search&#038;page=1&#038;position=5&#038;uuid=dcaeaa7b-b499-4778-b264-567d1806ed1e\" title=\"Fondo Aislado Vista Medio Lateral Cami\u00f3n Caja 50435083.htm - Imagen de vector_corp en Freepik\" rel=\"nofollow noopener\" target=\"_blank\">Imagen de vector_corp en Freepik<\/a> Imagen de <a href=\"https:\/\/pixabay.com\/users\/dewdrop157-1559210\/?utm_source=link-attribution&#038;utm_medium=referral&#038;utm_campaign=image&#038;utm_content=2407264\" title=\"Gota de roc\u00edo157 1559210 - gota de roc\u00edo157\" rel=\"nofollow noopener\" target=\"_blank\">gota de roc\u00edo157<\/a> de <a href=\"https:\/\/pixabay.com\/\/?utm_source=link-attribution&#038;utm_medium=referral&#038;utm_campaign=image&#038;utm_content=2407264\" title=\" - Pixabay\" rel=\"nofollow noopener\" target=\"_blank\">Pixabay<\/a> Imagen de <a href=\"https:\/\/pixabay.com\/users\/maxmann-665103\/?utm_source=link-attribution&#038;utm_medium=referral&#038;utm_campaign=image&#038;utm_content=1055063\" title=\"Maxmann 665103 - Th G\" rel=\"nofollow noopener\" target=\"_blank\">Th G<\/a> de <a href=\"https:\/\/pixabay.com\/\/?utm_source=link-attribution&#038;utm_medium=referral&#038;utm_campaign=image&#038;utm_content=1055063\" title=\" - Pixabay\" rel=\"nofollow noopener\" target=\"_blank\">Pixabay<\/a> Imagen de <a href=\"https:\/\/pixabay.com\/users\/hamonazaryan1-5589371\/?utm_source=link-attribution&#038;utm_medium=referral&#038;utm_campaign=image&#038;utm_content=2386034\" title=\"Hamonazaryan1 5589371 - hamonazaryan1\" rel=\"nofollow noopener\" target=\"_blank\">hamonazaryan1<\/a> de <a href=\"https:\/\/pixabay.com\/\/?utm_source=link-attribution&#038;utm_medium=referral&#038;utm_campaign=image&#038;utm_content=2386034\" title=\" - Pixabay\" rel=\"nofollow noopener\" target=\"_blank\">Pixabay<\/a> Imagen de <a href=\"https:\/\/pixabay.com\/users\/u_390ap8znhu-37678700\/?utm_source=link-attribution&#038;utm_medium=referral&#038;utm_campaign=image&#038;utm_content=8080878\" title=\"U 390ap8znhu 37678700 - u_390ap8znhu\" rel=\"nofollow noopener\" target=\"_blank\">u_390ap8znhu<\/a> de <a href=\"https:\/\/pixabay.com\/\/?utm_source=link-attribution&#038;utm_medium=referral&#038;utm_campaign=image&#038;utm_content=8080878\" title=\" - Pixabay\" rel=\"nofollow noopener\" target=\"_blank\">Pixabay<\/a> <a href=\"https:\/\/www.freepik.com\/free-video\/man-getting-off-electric-car_2796012#fromView=search&#038;page=1&#038;position=11&#038;uuid=861dbb00-4a09-464b-899e-b2c32abbfe95\" title=\"Hombre bajando de coche el\u00e9ctrico 2796012 - Video by freepik\" rel=\"nofollow noopener\" target=\"_blank\">V\u00eddeo de freepik<\/a> <a href=\"https:\/\/www.freepik.com\/free-video\/young-woman-getting-off-car_2798852#fromView=search&#038;page=1&#038;position=0&#038;uuid=861dbb00-4a09-464b-899e-b2c32abbfe95\" title=\"Mujer joven bajando del coche 2798852 - Video by freepik\" rel=\"nofollow noopener\" target=\"_blank\">V\u00eddeo de freepik<\/a> <a href=\"https:\/\/www.freepik.com\/free-video\/streaming-digital-light-streaks_179140#fromView=search&#038;page=2&#038;position=8&#038;uuid=3664d50a-47c0-489e-9ba9-0135ee8efd4c\" title=\"Streaming Digital Light Streaks 179140 - Video by freepik\" rel=\"nofollow noopener\" target=\"_blank\">V\u00eddeo de freepik<\/a> <a href=\"https:\/\/www.freepik.com\/free-video\/black-car-outdoors_2789146#fromView=search&#038;page=2&#038;position=30&#038;uuid=3664d50a-47c0-489e-9ba9-0135ee8efd4c\" title=\"Coche negro al aire libre 2789146 - Video by freepik\" rel=\"nofollow noopener\" target=\"_blank\">V\u00eddeo de freepik<\/a> V\u00eddeo de <a href=\"https:\/\/pixabay.com\/users\/wollschu-5915953\/?utm_source=link-attribution&#038;utm_medium=referral&#038;utm_campaign=video&#038;utm_content=166822\" title=\"Wollschu 5915953 - wollschu\" rel=\"nofollow noopener\" target=\"_blank\">zapato de lana<\/a> de <a href=\"https:\/\/pixabay.com\/\/?utm_source=link-attribution&#038;utm_medium=referral&#038;utm_campaign=video&#038;utm_content=166822\" title=\" - Pixabay\" rel=\"nofollow noopener\" target=\"_blank\">Pixabay<\/a> V\u00eddeo de <a href=\"https:\/\/pixabay.com\/users\/findingfootage-2049862\/?utm_source=link-attribution&#038;utm_medium=referral&#038;utm_campaign=video&#038;utm_content=2151\" title=\"Findingfootage 2049862 - FindingFootage\" rel=\"nofollow noopener\" target=\"_blank\">B\u00fasqueda de im\u00e1genes<\/a> de <a href=\"https:\/\/pixabay.com\/\/?utm_source=link-attribution&#038;utm_medium=referral&#038;utm_campaign=video&#038;utm_content=2151\" title=\" - Pixabay\" rel=\"nofollow noopener\" target=\"_blank\">Pixabay<\/a> V\u00eddeo de <a href=\"https:\/\/pixabay.com\/users\/uwe_jelting-3562285\/?utm_source=link-attribution&#038;utm_medium=referral&#038;utm_campaign=video&#038;utm_content=6327\" title=\"Uwe Jelting 3562285 - Uwe Jelting\" rel=\"nofollow noopener\" target=\"_blank\">Uwe Jelting<\/a> de <a href=\"https:\/\/pixabay.com\/\/?utm_source=link-attribution&#038;utm_medium=referral&#038;utm_campaign=video&#038;utm_content=6327\" title=\" - Pixabay\" rel=\"nofollow noopener\" target=\"_blank\">Pixabay<\/a> V\u00eddeo de <a href=\"https:\/\/pixabay.com\/users\/westnl-12115786\/?utm_source=link-attribution&#038;utm_medium=referral&#038;utm_campaign=video&#038;utm_content=24125\" title=\"Westnl 12115786 - Nico West\" rel=\"nofollow noopener\" target=\"_blank\">Nico West<\/a> de <a href=\"https:\/\/pixabay.com\/\/?utm_source=link-attribution&#038;utm_medium=referral&#038;utm_campaign=video&#038;utm_content=24125\" title=\" - Pixabay\" rel=\"nofollow noopener\" target=\"_blank\">Pixabay<\/a> V\u00eddeo de <a href=\"https:\/\/pixabay.com\/users\/engin_akyurt-3656355\/?utm_source=link-attribution&#038;utm_medium=referral&#038;utm_campaign=video&#038;utm_content=122593\" title=\"Engin Akyurt 3656355 - Engin Akyurt\" rel=\"nofollow noopener\" target=\"_blank\">Engin Akyurt<\/a> de <a href=\"https:\/\/pixabay.com\/\/?utm_source=link-attribution&#038;utm_medium=referral&#038;utm_campaign=video&#038;utm_content=122593\" title=\" - Pixabay\" rel=\"nofollow noopener\" target=\"_blank\">Pixabay<\/a> V\u00eddeo de <a href=\"https:\/\/pixabay.com\/users\/matthias_groeneveld-4535957\/?utm_source=link-attribution&#038;utm_medium=referral&#038;utm_campaign=video&#038;utm_content=187036\" title=\"Matthias Groeneveld 4535957 - Matthias Groeneveld\" rel=\"nofollow noopener\" target=\"_blank\">Matthias Groeneveld<\/a> de <a href=\"https:\/\/pixabay.com\/\/?utm_source=link-attribution&#038;utm_medium=referral&#038;utm_campaign=video&#038;utm_content=187036\" title=\" - Pixabay\" rel=\"nofollow noopener\" target=\"_blank\">Pixabay<\/a> V\u00eddeo de <a href=\"https:\/\/pixabay.com\/users\/juliush-3921568\/?utm_source=link-attribution&#038;utm_medium=referral&#038;utm_campaign=video&#038;utm_content=200682\" title=\"Juliush 3921568 - Julius H.\" rel=\"nofollow noopener\" target=\"_blank\">Julius H.<\/a> de <a href=\"https:\/\/pixabay.com\/\/?utm_source=link-attribution&#038;utm_medium=referral&#038;utm_campaign=video&#038;utm_content=200682\" title=\" - Pixabay\" rel=\"nofollow noopener\" target=\"_blank\">Pixabay<\/a> V\u00eddeo de <a href=\"https:\/\/pixabay.com\/users\/creativecommonscentral-35567788\/?utm_source=link-attribution&#038;utm_medium=referral&#038;utm_campaign=video&#038;utm_content=159678\" title=\"Creativecommonscentral 35567788 - Creative Commons Central\" rel=\"nofollow noopener\" target=\"_blank\">Creative Commons Central<\/a> de <a href=\"https:\/\/pixabay.com\/\/?utm_source=link-attribution&#038;utm_medium=referral&#038;utm_campaign=video&#038;utm_content=159678\" title=\" - Pixabay\" rel=\"nofollow noopener\" target=\"_blank\">Pixabay<\/a> V\u00eddeo de <a href=\"https:\/\/pixabay.com\/users\/ure\u00f1afilms-22044723\/?utm_source=link-attribution&amp;utm_medium=referral&amp;utm_campaign=video&amp;utm_content=132058\" title=\"Ure\u00f1afilms 22044723 - Ezequiel Ure\u00f1a\" rel=\"nofollow noopener\" target=\"_blank\">Ezequiel Ure\u00f1a<\/a> de <a href=\"https:\/\/pixabay.com\/\/?utm_source=link-attribution&#038;utm_medium=referral&#038;utm_campaign=video&#038;utm_content=132058\" title=\" - Pixabay\" rel=\"nofollow noopener\" target=\"_blank\">Pixabay<\/a> <a href=\"https:\/\/www.freepik.com\/free-video\/close-up-solar-panel-huge-area_2311055#fromView=search&#038;page=1&#038;position=1&#038;uuid=87220860-ab45-4f64-a3af-6ee4e1bad04d\" title=\"Close Up Panel Solar Huge Area 2311055 - Video by freepik\" rel=\"nofollow noopener\" target=\"_blank\">V\u00eddeo de freepik<\/a> <a href=\"https:\/\/www.freepik.com\/free-video\/solar-panels-farm-field-green-renewable-energy_1221030#fromView=search&#038;page=1&#038;position=2&#038;uuid=87220860-ab45-4f64-a3af-6ee4e1bad04d\" title=\"Paneles Solares Granja Campo Verde Energ\u00eda Renovable 1221030 - Video by freepik\" rel=\"nofollow noopener\" target=\"_blank\">V\u00eddeo de freepik<\/a> <a href=\"https:\/\/www.freepik.com\/free-video\/electricity-generation-from-solar-energy-wind-huge_2311053#fromView=search&#038;page=1&#038;position=0&#038;uuid=87220860-ab45-4f64-a3af-6ee4e1bad04d\" title=\"Generaci\u00f3n De Electricidad De Energ\u00eda Solar E\u00f3lica Enorme 2311053 - Video by freepik\" rel=\"nofollow noopener\" target=\"_blank\">V\u00eddeo de freepik<\/a> <a href=\"https:\/\/www.freepik.com\/free-video\/panoramic-view-solar-energy-farm-producing-clean_2311309#fromView=search&#038;page=1&#038;position=12&#038;uuid=fee331ea-bdc4-4bf7-a318-287fd8f0ba2d\" title=\"Vista panor\u00e1mica Granja de Energ\u00eda Solar Produciendo Limpia 2311309 - Video by freepik\" rel=\"nofollow noopener\" target=\"_blank\">V\u00eddeo de freepik<\/a> <a href=\"https:\/\/www.freepik.com\/free-video\/slow-drone-flight-modern-photovoltaic-solar-farm_1221042#fromView=search&#038;page=1&#038;position=4&#038;uuid=b5eedac1-b8c8-4af8-bdd6-3868ad90d486\" title=\"Vuelo Lento Drone Moderno Parque Solar Fotovoltaico 1221042 - Video by freepik\" rel=\"nofollow noopener\" target=\"_blank\">V\u00eddeo de freepik<\/a> <a href=\"https:\/\/www.freepik.com\/free-video\/caucasian-farmer-man-texing-message-smartphone-outside_477582#fromView=search&#038;page=4&#038;position=24&#038;uuid=b5eedac1-b8c8-4af8-bdd6-3868ad90d486\" title=\"Caucasian Farmer Man Texing Message Smartphone Outside 477582 - Video by freepik\" rel=\"nofollow noopener\" target=\"_blank\">V\u00eddeo de freepik<\/a> <a href=\"https:\/\/www.freepik.com\/free-video\/caucasian-man-plaid-shirt-using-tablet-looking-around-countryside_2491056#fromView=search&#038;page=3&#038;position=18&#038;uuid=b5eedac1-b8c8-4af8-bdd6-3868ad90d486\" title=\"Hombre Cauc\u00e1sico Camisa A Cuadros Usando Tablet Mirando Alrededor Campo 2491056 - Video by freepik\" rel=\"nofollow noopener\" target=\"_blank\">V\u00eddeo de freepik<\/a> <a href=\"https:\/\/www.freepik.com\/free-video\/close-up-farmer-wearing-shirt-black-caseball-cap-looking-sides-thiking-while-working-laptop-computer_472621#fromView=resource_detail&#038;position=0&#038;from_element=related_resources\" title=\"Close Up Farmer Wearing Shirt Black Caseball Cap Looking Sides Thiking While Working Laptop Computer 472621 - Video by freepik\" rel=\"nofollow noopener\" target=\"_blank\">V\u00eddeo de freepik<\/a> <a href=\"https:\/\/www.freepik.com\/free-video\/close-up-view-handshake-solar-plantation_479137#fromView=search&#038;page=1&#038;position=17&#038;uuid=00139852-9369-4ce8-925f-7f32319f0008\" title=\"Close Up View Handshake Plantaci\u00f3n Solar 479137 - Video by freepik\" rel=\"nofollow noopener\" target=\"_blank\">V\u00eddeo de freepik<\/a> B\u00fcnde: imageBROKER.com GmbH &amp; Co. KG \/ Alamy Stock Photo, Standard licences, Standard, Image ID: F2W0WP, OY96031057; <a href=\"https:\/\/www.freepik.com\/free-photo\/earth-energy-concept_8622729.htm#fromView=search&#038;page=1&#038;position=8&#038;uuid=f353afc6-51a8-45b9-95cf-a71cff024073\" title=\"Concepto de energ\u00eda terrestre 8622729.htm - Imagen de freepik\" target=\"_blank\" rel=\"noopener\">Imagen de freepik<\/a> Imagen de <a href=\"https:\/\/pixabay.com\/users\/luctheo-174841\/?utm_source=link-attribution&#038;utm_medium=referral&#038;utm_campaign=image&#038;utm_content=384198\" title=\"Luctheo 174841 - jp\" target=\"_blank\" rel=\"noopener\">jp<\/a> de <a href=\"https:\/\/pixabay.com\/\/?utm_source=link-attribution&#038;utm_medium=referral&#038;utm_campaign=image&#038;utm_content=384198\" title=\" - Pixabay\" target=\"_blank\" rel=\"noopener\">Pixabay<\/a><\/p>\t\t\t\t\t\t\t\t<\/div>\n\t\t\t\t<\/div>\n\t\t\t\t<\/div>\n\t\t\t\t\t<\/div>\n\t\t\t\t<\/div>\n\t\t\t\t<\/div>","protected":false},"excerpt":{"rendered":"<p>Angaben gem\u00e4\u00df \u00a7 5 TMG:Faber E-Tec GmbHBachstra\u00dfe\u00a0 21D-32257 B\u00fcnde Vertreten durch:Waldemar Faber (GF)Angelo Lella (Technischer GF)\u00a0\u00a0 Kontakt:Telefon. +49 (0) 5223 . 65708 00 Telefax. +49 (0) 5223 . 4926 171E-Mail: info@faber-etec.de Registereintrag:Amtsgericht Bad Oeynhausen HRB 18199Finanzamt B\u00fcnde Umsatzsteuer-Identifikationsnummergem\u00e4\u00df \u00a727 a Umsatzsteuergesetz:USt.-ID \u2013 DE349700086Steuer-Nr. 310\/5724\/2178 Verantwortlich f\u00fcr den Inhalt nach \u00a7 55 Abs. 2 RStV:Waldemar FaberBachstra\u00dfe\u00a0 [&hellip;]<\/p>\n","protected":false},"author":6,"featured_media":0,"parent":0,"menu_order":0,"comment_status":"closed","ping_status":"closed","template":"","meta":{"_acf_changed":false,"footnotes":""},"class_list":["post-114","page","type-page","status-publish","hentry"],"acf":[],"_links":{"self":[{"href":"https:\/\/faber-etec.de\/es\/wp-json\/wp\/v2\/pages\/114","targetHints":{"allow":["GET"]}}],"collection":[{"href":"https:\/\/faber-etec.de\/es\/wp-json\/wp\/v2\/pages"}],"about":[{"href":"https:\/\/faber-etec.de\/es\/wp-json\/wp\/v2\/types\/page"}],"author":[{"embeddable":true,"href":"https:\/\/faber-etec.de\/es\/wp-json\/wp\/v2\/users\/6"}],"replies":[{"embeddable":true,"href":"https:\/\/faber-etec.de\/es\/wp-json\/wp\/v2\/comments?post=114"}],"version-history":[{"count":9,"href":"https:\/\/faber-etec.de\/es\/wp-json\/wp\/v2\/pages\/114\/revisions"}],"predecessor-version":[{"id":16174,"href":"https:\/\/faber-etec.de\/es\/wp-json\/wp\/v2\/pages\/114\/revisions\/16174"}],"wp:attachment":[{"href":"https:\/\/faber-etec.de\/es\/wp-json\/wp\/v2\/media?parent=114"}],"curies":[{"name":"wp","href":"https:\/\/api.w.org\/{rel}","templated":true}]}}