{"id":114,"date":"2019-10-30T12:31:56","date_gmt":"2019-10-30T11:31:56","guid":{"rendered":"https:\/\/faber-solartechnik.eu\/?page_id=114"},"modified":"2025-10-29T18:04:04","modified_gmt":"2025-10-29T17:04:04","slug":"mentions-legales","status":"publish","type":"page","link":"https:\/\/faber-etec.de\/fr\/impressum\/","title":{"rendered":"Mentions l\u00e9gales de Faber E-Tec GmbH"},"content":{"rendered":"<div data-elementor-type=\"wp-page\" data-elementor-id=\"114\" class=\"elementor elementor-114\" data-elementor-post-type=\"page\">\n\t\t\t\t<div class=\"elementor-element elementor-element-604caec e-flex e-con-boxed e-con e-parent\" data-id=\"604caec\" data-element_type=\"container\" data-e-type=\"container\">\n\t\t\t\t\t<div class=\"e-con-inner\">\n\t\t<div class=\"elementor-element elementor-element-11c7a63 e-con-full e-flex e-con e-child\" data-id=\"11c7a63\" data-element_type=\"container\" data-e-type=\"container\">\n\t\t\t\t<div class=\"elementor-element elementor-element-9c46a3c elementor-widget elementor-widget-text-editor\" data-id=\"9c46a3c\" data-element_type=\"widget\" data-e-type=\"widget\" data-widget_type=\"text-editor.default\">\n\t\t\t\t<div class=\"elementor-widget-container\">\n\t\t\t\t\t\t\t\t\t<p><b>Informations selon \u00a7 5 TMG :<br \/><\/b>Faber E-Tec GmbH<br \/>21, rue Bach<br \/>D-32257 B\u00fcnde<\/p><div><b>Repr\u00e9sent\u00e9 par :<br \/><\/b>Waldemar Faber (GF)<br \/>Angelo Lella (directeur technique)\u00a0<\/div><div>\u00a0<\/div><p><b>Contact :<br \/><\/b>T\u00e9l\u00e9phone . +49 (0) 5223 . 65708 00 <br \/>T\u00e9l\u00e9copieur . +49 (0) 5223 . 4926 171<br \/>Courrier \u00e9lectronique : <a  href=\"mailto:info@faber-etec.de\" title=\"Info@faber Etec.de - info@faber-etec.de\">info@faber-etec.de<\/a><\/p>\t\t\t\t\t\t\t\t<\/div>\n\t\t\t\t<\/div>\n\t\t\t\t<\/div>\n\t\t<div class=\"elementor-element elementor-element-8037579 e-con-full e-flex e-con e-child\" data-id=\"8037579\" data-element_type=\"container\" data-e-type=\"container\">\n\t\t\t\t<div class=\"elementor-element elementor-element-aef2c2e elementor-widget elementor-widget-text-editor\" data-id=\"aef2c2e\" data-element_type=\"widget\" data-e-type=\"widget\" data-widget_type=\"text-editor.default\">\n\t\t\t\t<div class=\"elementor-widget-container\">\n\t\t\t\t\t\t\t\t\t<p><span style=\"font-size: 1rem;\"><span style=\"font-weight: 600;\">Inscription au registre :<br \/><\/span><\/span><span style=\"font-size: 1rem;\">Tribunal d'instance de Bad Oeynhausen HRB 18199<br \/><\/span><span style=\"font-size: 1rem;\">Bureau des imp\u00f4ts de B\u00fcnde<br \/><\/span><\/p><p><span style=\"font-weight: 600;\">Num\u00e9ro d'identification de la taxe sur le chiffre d'affaires<br \/><\/span>conform\u00e9ment au \u00a727 a de la loi sur la TVA :<br \/>Num\u00e9ro de TVA - DE349700086<br \/>Num\u00e9ro d'imposition 310\/5724\/2178<\/p><p><span style=\"font-weight: 600;\">Responsable du contenu selon le \u00a7 55 Abs. 2 RStV :<br \/><\/span>Waldemar Faber<br \/><span style=\"font-size: 1rem;\">21, rue Bach<br \/>32257 B\u00fcnde<\/span><\/p>\t\t\t\t\t\t\t\t<\/div>\n\t\t\t\t<\/div>\n\t\t\t\t<\/div>\n\t\t\t\t\t<\/div>\n\t\t\t\t<\/div>\n\t\t<div class=\"elementor-element elementor-element-bd1b92d e-flex e-con-boxed e-con e-parent\" data-id=\"bd1b92d\" data-element_type=\"container\" data-e-type=\"container\" data-settings=\"{&quot;background_background&quot;:&quot;classic&quot;}\">\n\t\t\t\t\t<div class=\"e-con-inner\">\n\t\t<div class=\"elementor-element elementor-element-6f990ad e-con-full e-flex e-con e-child\" data-id=\"6f990ad\" data-element_type=\"container\" data-e-type=\"container\">\n\t\t\t\t<div class=\"elementor-element elementor-element-ee45d77 elementor-widget elementor-widget-heading\" data-id=\"ee45d77\" data-element_type=\"widget\" data-e-type=\"widget\" data-widget_type=\"heading.default\">\n\t\t\t\t<div class=\"elementor-widget-container\">\n\t\t\t\t\t<h2 class=\"elementor-heading-title elementor-size-default\">R\u00e8glement des litiges<\/h2>\t\t\t\t<\/div>\n\t\t\t\t<\/div>\n\t\t\t\t<div class=\"elementor-element elementor-element-520bcd7 elementor-widget elementor-widget-text-editor\" data-id=\"520bcd7\" data-element_type=\"widget\" data-e-type=\"widget\" data-widget_type=\"text-editor.default\">\n\t\t\t\t<div class=\"elementor-widget-container\">\n\t\t\t\t\t\t\t\t\t<p>La Commission europ\u00e9enne met \u00e0 disposition une plateforme de r\u00e8glement en ligne des litiges (RLL) :<a href=\"https:\/\/consumer-redress.ec.europa.eu\/index_de\" title=\"Index Fr - https:\/\/consumer-redress.ec.europa.eu\/index_dehttps:\/\/ec.europa.eu\/consumers\/odr\" target=\"_blank\" rel=\"noopener\">\u00a0https:\/\/consumer-redress.ec.europa.eu\/index_dehttps:\/\/ec.europa.eu\/consumers\/odr<\/a>.<br \/>Vous trouverez notre adresse e-mail en haut dans les mentions l\u00e9gales.<\/p>\t\t\t\t\t\t\t\t<\/div>\n\t\t\t\t<\/div>\n\t\t\t\t<div class=\"elementor-element elementor-element-58d6998 elementor-widget elementor-widget-spacer\" data-id=\"58d6998\" data-element_type=\"widget\" data-e-type=\"widget\" data-widget_type=\"spacer.default\">\n\t\t\t\t<div class=\"elementor-widget-container\">\n\t\t\t\t\t\t\t<div class=\"elementor-spacer\">\n\t\t\t<div class=\"elementor-spacer-inner\"><\/div>\n\t\t<\/div>\n\t\t\t\t\t\t<\/div>\n\t\t\t\t<\/div>\n\t\t\t\t<div class=\"elementor-element elementor-element-481cdd6 elementor-widget elementor-widget-heading\" data-id=\"481cdd6\" data-element_type=\"widget\" data-e-type=\"widget\" data-widget_type=\"heading.default\">\n\t\t\t\t<div class=\"elementor-widget-container\">\n\t\t\t\t\t<h3 class=\"elementor-heading-title elementor-size-default\">Avis de responsabilit\u00e9<\/h3>\t\t\t\t<\/div>\n\t\t\t\t<\/div>\n\t\t\t\t<div class=\"elementor-element elementor-element-a657ef4 elementor-widget elementor-widget-text-editor\" data-id=\"a657ef4\" data-element_type=\"widget\" data-e-type=\"widget\" data-widget_type=\"text-editor.default\">\n\t\t\t\t<div class=\"elementor-widget-container\">\n\t\t\t\t\t\t\t\t\t<p>Les documents, \u00e9chantillons et mod\u00e8les contenus dans notre kit de connaissances RGPD ont \u00e9t\u00e9 r\u00e9dig\u00e9s par leurs auteurs sur la base de la litt\u00e9rature actuellement disponible. Ils servent de premi\u00e8re \u00e9valuation des probl\u00e8mes potentiels au sein du r\u00e8glement g\u00e9n\u00e9ral sur la protection des donn\u00e9es (RGPD). Nous attirons votre attention sur le fait que de nombreux probl\u00e8mes trait\u00e9s ici n'ont pas encore \u00e9t\u00e9 d\u00e9finitivement clarifi\u00e9s, notamment par les juridictions supr\u00eames, et que les autorit\u00e9s r\u00e9gionales de protection des donn\u00e9es n'ont parfois pas encore pris position, ce qui explique les divergences d'opinion sur certains points. Les auteurs n'assument donc aucune responsabilit\u00e9 quant \u00e0 l'exactitude et \u00e0 l'exhaustivit\u00e9 de ces informations. Il convient en particulier de souligner que chaque cas doit \u00eatre examin\u00e9 s\u00e9par\u00e9ment et ne saurait remplacer un conseil juridique individuel.<\/p>\t\t\t\t\t\t\t\t<\/div>\n\t\t\t\t<\/div>\n\t\t\t\t<div class=\"elementor-element elementor-element-b456f2b elementor-widget elementor-widget-spacer\" data-id=\"b456f2b\" data-element_type=\"widget\" data-e-type=\"widget\" data-widget_type=\"spacer.default\">\n\t\t\t\t<div class=\"elementor-widget-container\">\n\t\t\t\t\t\t\t<div class=\"elementor-spacer\">\n\t\t\t<div class=\"elementor-spacer-inner\"><\/div>\n\t\t<\/div>\n\t\t\t\t\t\t<\/div>\n\t\t\t\t<\/div>\n\t\t\t\t<div class=\"elementor-element elementor-element-600e099 elementor-widget elementor-widget-heading\" data-id=\"600e099\" data-element_type=\"widget\" data-e-type=\"widget\" data-widget_type=\"heading.default\">\n\t\t\t\t<div class=\"elementor-widget-container\">\n\t\t\t\t\t<h3 class=\"elementor-heading-title elementor-size-default\">Cr\u00e9dit photo<\/h3>\t\t\t\t<\/div>\n\t\t\t\t<\/div>\n\t\t\t\t<div class=\"elementor-element elementor-element-8b709e4 elementor-widget elementor-widget-text-editor\" data-id=\"8b709e4\" data-element_type=\"widget\" data-e-type=\"widget\" data-widget_type=\"text-editor.default\">\n\t\t\t\t<div class=\"elementor-widget-container\">\n\t\t\t\t\t\t\t\t\t<p><a href=\"https:\/\/de.freepik.com\/fotos-vektoren-kostenlos\/hintergrund\" title=\"Arri\u00e8re-plan - Fond vectoriel cr\u00e9\u00e9 par rawpixel.com - fr.freepik.com\" target=\"_blank\" rel=\"noopener nofollow\">Vecteur de fond cr\u00e9\u00e9 par rawpixel.com - fr.freepik.com<\/a> <a href=\"https:\/\/de.123rf.com\/profile_artjazz\" title=\"Profile Artjazz - artjazz\" rel=\"nofollow noopener\" target=\"_blank\">artjazz<\/a> <a href=\"https:\/\/de.123rf.com\/profile_angelha\" title=\"Profil Angelha - angelha\" rel=\"nofollow noopener\" target=\"_blank\">angelha<\/a> <a title=\"spain icons\" href=\"https:\/\/www.flaticon.com\/free-icons\/spain\" rel=\"nofollow noopener\" target=\"_blank\">Spain icons created by iconset.co - Flaticon<\/a> <a title=\"france icons\" href=\"https:\/\/www.flaticon.com\/free-icons\/france\" rel=\"nofollow noopener\" target=\"_blank\">France ic\u00f4nes cr\u00e9\u00e9es par IYAHICON - Flaticon<\/a> <a title=\"netherlands icons\" href=\"https:\/\/www.flaticon.com\/free-icons\/netherlands\" rel=\"nofollow noopener\" target=\"_blank\">Ic\u00f4nes n\u00e9erlandaises cr\u00e9\u00e9es par Xinh Studio - Flaticon<\/a> <a title=\"ic\u00f4nes de casque\" href=\"https:\/\/www.flaticon.com\/free-icons\/headset\" rel=\"nofollow noopener\" target=\"_blank\">Ic\u00f4nes de casque cr\u00e9\u00e9es par Kiranshastry - Flaticon<\/a> <a title=\"ic\u00f4nes de support en ligne\" href=\"https:\/\/www.flaticon.com\/free-icons\/online-support\" rel=\"nofollow noopener\" target=\"_blank\">Ic\u00f4nes de support en ligne cr\u00e9\u00e9es par Freepik - Flaticon<\/a> <a title=\"germany icons\" href=\"https:\/\/www.flaticon.com\/free-icons\/germany\" rel=\"nofollow noopener\" target=\"_blank\">Allemagne ic\u00f4nes cr\u00e9\u00e9es par Freepik - Flaticon<\/a> <a title=\"ic\u00f4nes de service \u00e0 la client\u00e8le\" href=\"https:\/\/www.flaticon.com\/free-icons\/customer-service\" rel=\"nofollow noopener\" target=\"_blank\">Ic\u00f4nes de service client cr\u00e9\u00e9es par Eucalyp - Flaticon<\/a> <a title=\"ic\u00f4nes de service \u00e0 la client\u00e8le\" href=\"https:\/\/www.flaticon.com\/free-icons\/customer-service\" rel=\"nofollow noopener\" target=\"_blank\">Ic\u00f4nes de service client cr\u00e9\u00e9es par Freepik - Flaticon<\/a> <a title=\"ic\u00f4nes de t\u00e9l\u00e9phone\" href=\"https:\/\/www.flaticon.com\/free-icons\/phone\" rel=\"nofollow noopener\" target=\"_blank\">Ic\u00f4nes de t\u00e9l\u00e9phone cr\u00e9\u00e9es par Freepik - Flaticon<\/a> <a title=\"ic\u00f4nes d&#039;\u00e9lectricit\u00e9\" href=\"https:\/\/www.flaticon.com\/free-icons\/electricity\" rel=\"nofollow noopener\" target=\"_blank\">Ic\u00f4nes d'\u00e9lectricit\u00e9 cr\u00e9\u00e9es par Freepik - Flaticon<\/a> <a title=\"ic\u00f4nes de parking\" href=\"https:\/\/www.flaticon.com\/free-icons\/parking\" rel=\"nofollow noopener\" target=\"_blank\">Ic\u00f4nes de parking cr\u00e9\u00e9es par edt.im - Flaticon<\/a> <a title=\"ic\u00f4nes de ventilation\" href=\"https:\/\/www.flaticon.com\/free-icons\/ventilation\" rel=\"nofollow noopener\" target=\"_blank\">Ic\u00f4nes de ventilation cr\u00e9\u00e9es par Kida - Flaticon<\/a> <a title=\"ic\u00f4nes distantes\" href=\"https:\/\/www.flaticon.com\/free-icons\/remote\" rel=\"nofollow noopener\" target=\"_blank\">Ic\u00f4nes distantes cr\u00e9\u00e9es par Sir.Vector - Flaticon<\/a> <a title=\"ic\u00f4nes de soumission\" href=\"https:\/\/www.flaticon.com\/free-icons\/submission\" rel=\"nofollow noopener\" target=\"_blank\">Ic\u00f4nes de soumission cr\u00e9\u00e9es par cah nggunung - Flaticon<\/a> <a title=\"anm31 ic\u00f4nes\" href=\"https:\/\/www.flaticon.com\/free-icons\/anm31\" rel=\"nofollow noopener\" target=\"_blank\">Ic\u00f4nes Anm31 cr\u00e9\u00e9es par Nsit - Flaticon<\/a> <a title=\"ic\u00f4nes de transformation\" href=\"https:\/\/www.flaticon.com\/free-icons\/transformer\" rel=\"nofollow noopener\" target=\"_blank\">Ic\u00f4nes de transformation cr\u00e9\u00e9es par yunaspandusatria - Flaticon<\/a> <a href=\"https:\/\/www.freepik.com\/free-psd\/half-side-view-box-truck-isolated-background_50435083.htm#fromView=search&#038;page=1&#038;position=5&#038;uuid=dcaeaa7b-b499-4778-b264-567d1806ed1e\" title=\"Half Side View Box Truck Isolated Background 50435083.htm - Image by vector_corp on Freepik\" rel=\"nofollow noopener\" target=\"_blank\">Image by vector_corp on Freepik<\/a> Image par <a href=\"https:\/\/pixabay.com\/users\/dewdrop157-1559210\/?utm_source=link-attribution&#038;utm_medium=referral&#038;utm_campaign=image&#038;utm_content=2407264\" title=\"Dewdrop157 1559210 - dewdrop157\" rel=\"nofollow noopener\" target=\"_blank\">dewdrop157<\/a> from <a href=\"https:\/\/pixabay.com\/\/?utm_source=link-attribution&#038;utm_medium=referral&#038;utm_campaign=image&#038;utm_content=2407264\" title=\" - Pixabay\" rel=\"nofollow noopener\" target=\"_blank\">Pixabay<\/a> Image par <a href=\"https:\/\/pixabay.com\/users\/maxmann-665103\/?utm_source=link-attribution&#038;utm_medium=referral&#038;utm_campaign=image&#038;utm_content=1055063\" title=\"Maxmann 665103 - Th G\" rel=\"nofollow noopener\" target=\"_blank\">Th G<\/a> from <a href=\"https:\/\/pixabay.com\/\/?utm_source=link-attribution&#038;utm_medium=referral&#038;utm_campaign=image&#038;utm_content=1055063\" title=\" - Pixabay\" rel=\"nofollow noopener\" target=\"_blank\">Pixabay<\/a> Image par <a href=\"https:\/\/pixabay.com\/users\/hamonazaryan1-5589371\/?utm_source=link-attribution&#038;utm_medium=referral&#038;utm_campaign=image&#038;utm_content=2386034\" title=\"Hamonazaryan1 5589371 - hamonazaryan1\" rel=\"nofollow noopener\" target=\"_blank\">hamonazaryan1<\/a> from <a href=\"https:\/\/pixabay.com\/\/?utm_source=link-attribution&#038;utm_medium=referral&#038;utm_campaign=image&#038;utm_content=2386034\" title=\" - Pixabay\" rel=\"nofollow noopener\" target=\"_blank\">Pixabay<\/a> Image par <a href=\"https:\/\/pixabay.com\/users\/u_390ap8znhu-37678700\/?utm_source=link-attribution&#038;utm_medium=referral&#038;utm_campaign=image&#038;utm_content=8080878\" title=\"U 390ap8znhu 37678700 - u_390ap8znhu\" rel=\"nofollow noopener\" target=\"_blank\">u_390ap8znhu<\/a> from <a href=\"https:\/\/pixabay.com\/\/?utm_source=link-attribution&#038;utm_medium=referral&#038;utm_campaign=image&#038;utm_content=8080878\" title=\" - Pixabay\" rel=\"nofollow noopener\" target=\"_blank\">Pixabay<\/a> <a href=\"https:\/\/www.freepik.com\/free-video\/man-getting-off-electric-car_2796012#fromView=search&#038;page=1&#038;position=11&#038;uuid=861dbb00-4a09-464b-899e-b2c32abbfe95\" title=\"Man Getting Off Electric Car 2796012 - Video by freepik\" rel=\"nofollow noopener\" target=\"_blank\">Vid\u00e9o par freepik<\/a> <a href=\"https:\/\/www.freepik.com\/free-video\/young-woman-getting-off-car_2798852#fromView=search&#038;page=1&#038;position=0&#038;uuid=861dbb00-4a09-464b-899e-b2c32abbfe95\" title=\"Jeune femme se d\u00e9barrassant de sa voiture 2798852 - Video by freepik\" rel=\"nofollow noopener\" target=\"_blank\">Vid\u00e9o par freepik<\/a> <a href=\"https:\/\/www.freepik.com\/free-video\/streaming-digital-light-streaks_179140#fromView=search&#038;page=2&#038;position=8&#038;uuid=3664d50a-47c0-489e-9ba9-0135ee8efd4c\" title=\"Streaming Digital Light Streaks 179140 - Vid\u00e9o par freepik\" rel=\"nofollow noopener\" target=\"_blank\">Vid\u00e9o par freepik<\/a> <a href=\"https:\/\/www.freepik.com\/free-video\/black-car-outdoors_2789146#fromView=search&#038;page=2&#038;position=30&#038;uuid=3664d50a-47c0-489e-9ba9-0135ee8efd4c\" title=\"Black Car Outdoors 2789146 - Vid\u00e9o par freepik\" rel=\"nofollow noopener\" target=\"_blank\">Vid\u00e9o par freepik<\/a> Vid\u00e9o par <a href=\"https:\/\/pixabay.com\/users\/wollschu-5915953\/?utm_source=link-attribution&#038;utm_medium=referral&#038;utm_campaign=video&#038;utm_content=166822\" title=\"Chaussures en laine 5915953 - Wollschu\" rel=\"nofollow noopener\" target=\"_blank\">chaussures en laine<\/a> from <a href=\"https:\/\/pixabay.com\/\/?utm_source=link-attribution&#038;utm_medium=referral&#038;utm_campaign=video&#038;utm_content=166822\" title=\" - Pixabay\" rel=\"nofollow noopener\" target=\"_blank\">Pixabay<\/a> Vid\u00e9o par <a href=\"https:\/\/pixabay.com\/users\/findingfootage-2049862\/?utm_source=link-attribution&#038;utm_medium=referral&#038;utm_campaign=video&#038;utm_content=2151\" title=\"Findingfootage 2049862 - FindingFootage\" rel=\"nofollow noopener\" target=\"_blank\">FindingFootage<\/a> from <a href=\"https:\/\/pixabay.com\/\/?utm_source=link-attribution&#038;utm_medium=referral&#038;utm_campaign=video&#038;utm_content=2151\" title=\" - Pixabay\" rel=\"nofollow noopener\" target=\"_blank\">Pixabay<\/a> Vid\u00e9o par <a href=\"https:\/\/pixabay.com\/users\/uwe_jelting-3562285\/?utm_source=link-attribution&#038;utm_medium=referral&#038;utm_campaign=video&#038;utm_content=6327\" title=\"Uwe Jelting 3562285 - Uwe Jelting\" rel=\"nofollow noopener\" target=\"_blank\">Uwe Jelting<\/a> from <a href=\"https:\/\/pixabay.com\/\/?utm_source=link-attribution&#038;utm_medium=referral&#038;utm_campaign=video&#038;utm_content=6327\" title=\" - Pixabay\" rel=\"nofollow noopener\" target=\"_blank\">Pixabay<\/a> Vid\u00e9o par <a href=\"https:\/\/pixabay.com\/users\/westnl-12115786\/?utm_source=link-attribution&#038;utm_medium=referral&#038;utm_campaign=video&#038;utm_content=24125\" title=\"Westnl 12115786 - Nico West\" rel=\"nofollow noopener\" target=\"_blank\">Nico West<\/a> from <a href=\"https:\/\/pixabay.com\/\/?utm_source=link-attribution&#038;utm_medium=referral&#038;utm_campaign=video&#038;utm_content=24125\" title=\" - Pixabay\" rel=\"nofollow noopener\" target=\"_blank\">Pixabay<\/a> Vid\u00e9o par <a href=\"https:\/\/pixabay.com\/users\/engin_akyurt-3656355\/?utm_source=link-attribution&#038;utm_medium=referral&#038;utm_campaign=video&#038;utm_content=122593\" title=\"Engin Akyurt 3656355 - Engin Akyurt\" rel=\"nofollow noopener\" target=\"_blank\">Engin Akyurt<\/a> from <a href=\"https:\/\/pixabay.com\/\/?utm_source=link-attribution&#038;utm_medium=referral&#038;utm_campaign=video&#038;utm_content=122593\" title=\" - Pixabay\" rel=\"nofollow noopener\" target=\"_blank\">Pixabay<\/a> Vid\u00e9o par <a href=\"https:\/\/pixabay.com\/users\/matthias_groeneveld-4535957\/?utm_source=link-attribution&#038;utm_medium=referral&#038;utm_campaign=video&#038;utm_content=187036\" title=\"Matthias Groeneveld 4535957 - Matthias Groeneveld\" rel=\"nofollow noopener\" target=\"_blank\">Matthias Groeneveld<\/a> from <a href=\"https:\/\/pixabay.com\/\/?utm_source=link-attribution&#038;utm_medium=referral&#038;utm_campaign=video&#038;utm_content=187036\" title=\" - Pixabay\" rel=\"nofollow noopener\" target=\"_blank\">Pixabay<\/a> Vid\u00e9o par <a href=\"https:\/\/pixabay.com\/users\/juliush-3921568\/?utm_source=link-attribution&#038;utm_medium=referral&#038;utm_campaign=video&#038;utm_content=200682\" title=\"Juliush 3921568 - Julius H.\" rel=\"nofollow noopener\" target=\"_blank\">Julius H.<\/a> from <a href=\"https:\/\/pixabay.com\/\/?utm_source=link-attribution&#038;utm_medium=referral&#038;utm_campaign=video&#038;utm_content=200682\" title=\" - Pixabay\" rel=\"nofollow noopener\" target=\"_blank\">Pixabay<\/a> Vid\u00e9o par <a href=\"https:\/\/pixabay.com\/users\/creativecommonscentral-35567788\/?utm_source=link-attribution&#038;utm_medium=referral&#038;utm_campaign=video&#038;utm_content=159678\" title=\"Creativecommonscentral 35567788 - Creative Commons Central\" rel=\"nofollow noopener\" target=\"_blank\">Creative Commons Central<\/a> from <a href=\"https:\/\/pixabay.com\/\/?utm_source=link-attribution&#038;utm_medium=referral&#038;utm_campaign=video&#038;utm_content=159678\" title=\" - Pixabay\" rel=\"nofollow noopener\" target=\"_blank\">Pixabay<\/a> Vid\u00e9o par <a href=\"https:\/\/pixabay.com\/users\/ure\u00f1afilms-22044723\/?utm_source=link-attribution&amp;utm_medium=referral&amp;utm_campaign=video&amp;utm_content=132058\" title=\"Ure\u00f1afilms 22044723 - Ezequiel Ure\u00f1a\" rel=\"nofollow noopener\" target=\"_blank\">Ezequiel Ure\u00f1a<\/a> from <a href=\"https:\/\/pixabay.com\/\/?utm_source=link-attribution&#038;utm_medium=referral&#038;utm_campaign=video&#038;utm_content=132058\" title=\" - Pixabay\" rel=\"nofollow noopener\" target=\"_blank\">Pixabay<\/a> <a href=\"https:\/\/www.freepik.com\/free-video\/close-up-solar-panel-huge-area_2311055#fromView=search&#038;page=1&#038;position=1&#038;uuid=87220860-ab45-4f64-a3af-6ee4e1bad04d\" title=\"Close Up Solar Panel Huge Area 2311055 - Vid\u00e9o par freepik\" rel=\"nofollow noopener\" target=\"_blank\">Vid\u00e9o par freepik<\/a> <a href=\"https:\/\/www.freepik.com\/free-video\/solar-panels-farm-field-green-renewable-energy_1221030#fromView=search&#038;page=1&#038;position=2&#038;uuid=87220860-ab45-4f64-a3af-6ee4e1bad04d\" title=\"Panneaux solaires Farm Field Green Renewable Energy 1221030 - Video by freepik\" rel=\"nofollow noopener\" target=\"_blank\">Vid\u00e9o par freepik<\/a> <a href=\"https:\/\/www.freepik.com\/free-video\/electricity-generation-from-solar-energy-wind-huge_2311053#fromView=search&#038;page=1&#038;position=0&#038;uuid=87220860-ab45-4f64-a3af-6ee4e1bad04d\" title=\"Electricity Generation From Solar Energy Wind Huge 2311053 - Video by freepik\" rel=\"nofollow noopener\" target=\"_blank\">Vid\u00e9o par freepik<\/a> <a href=\"https:\/\/www.freepik.com\/free-video\/panoramic-view-solar-energy-farm-producing-clean_2311309#fromView=search&#038;page=1&#038;position=12&#038;uuid=fee331ea-bdc4-4bf7-a318-287fd8f0ba2d\" title=\"Panoramic View Solar Energy Farm Producing Clean 2311309 - Video by freepik\" rel=\"nofollow noopener\" target=\"_blank\">Vid\u00e9o par freepik<\/a> <a href=\"https:\/\/www.freepik.com\/free-video\/slow-drone-flight-modern-photovoltaic-solar-farm_1221042#fromView=search&#038;page=1&#038;position=4&#038;uuid=b5eedac1-b8c8-4af8-bdd6-3868ad90d486\" title=\"Slow Drone Flight Modern Photovoltaic Solar Farm 1221042 - Video by freepik\" rel=\"nofollow noopener\" target=\"_blank\">Vid\u00e9o par freepik<\/a> <a href=\"https:\/\/www.freepik.com\/free-video\/caucasian-farmer-man-texing-message-smartphone-outside_477582#fromView=search&#038;page=4&#038;position=24&#038;uuid=b5eedac1-b8c8-4af8-bdd6-3868ad90d486\" title=\"Caucasian Farmer Man Texing Message Smartphone Outside 477582 - Video by freepik\" rel=\"nofollow noopener\" target=\"_blank\">Vid\u00e9o par freepik<\/a> <a href=\"https:\/\/www.freepik.com\/free-video\/caucasian-man-plaid-shirt-using-tablet-looking-around-countryside_2491056#fromView=search&#038;page=3&#038;position=18&#038;uuid=b5eedac1-b8c8-4af8-bdd6-3868ad90d486\" title=\"Caucasian Man Plaid Shirt Using Tablet Looking Around Countryside 2491056 - Video by freepik\" rel=\"nofollow noopener\" target=\"_blank\">Vid\u00e9o par freepik<\/a> <a href=\"https:\/\/www.freepik.com\/free-video\/close-up-farmer-wearing-shirt-black-caseball-cap-looking-sides-thiking-while-working-laptop-computer_472621#fromView=resource_detail&#038;position=0&#038;from_element=related_resources\" title=\"Close Up Farmer Wearing Shirt Black Caseball Cap Looking Sides Thiking While Working Laptop Computer 472621 - Video by freepik\" rel=\"nofollow noopener\" target=\"_blank\">Vid\u00e9o par freepik<\/a> <a href=\"https:\/\/www.freepik.com\/free-video\/close-up-view-handshake-solar-plantation_479137#fromView=search&#038;page=1&#038;position=17&#038;uuid=00139852-9369-4ce8-925f-7f32319f0008\" title=\"Close Up View Handshake Solar Plantation 479137 - Vid\u00e9o par freepik\" rel=\"nofollow noopener\" target=\"_blank\">Vid\u00e9o par freepik<\/a> B\u00fcnde : imageBROKER.com GmbH &amp; Co. KG \/ Alamy Stock Foto, Licences standard, Standard, Image ID : F2W0WP, OY96031057 ; <a href=\"https:\/\/www.freepik.com\/free-photo\/earth-energy-concept_8622729.htm#fromView=search&#038;page=1&#038;position=8&#038;uuid=f353afc6-51a8-45b9-95cf-a71cff024073\" title=\"Earth Energy Concept 8622729.htm - Image by freepik\" target=\"_blank\" rel=\"noopener\">Image par freepik<\/a> , Image by <a href=\"https:\/\/pixabay.com\/users\/luctheo-174841\/?utm_source=link-attribution&#038;utm_medium=referral&#038;utm_campaign=image&#038;utm_content=384198\" title=\"Luctheo 174841 - jp\" target=\"_blank\" rel=\"noopener\">jp<\/a> from <a href=\"https:\/\/pixabay.com\/\/?utm_source=link-attribution&#038;utm_medium=referral&#038;utm_campaign=image&#038;utm_content=384198\" title=\" - Pixabay\" target=\"_blank\" rel=\"noopener\">Pixabay<\/a><\/p>\t\t\t\t\t\t\t\t<\/div>\n\t\t\t\t<\/div>\n\t\t\t\t<\/div>\n\t\t\t\t\t<\/div>\n\t\t\t\t<\/div>\n\t\t\t\t<\/div>","protected":false},"excerpt":{"rendered":"<p>Angaben gem\u00e4\u00df \u00a7 5 TMG:Faber E-Tec GmbHBachstra\u00dfe\u00a0 21D-32257 B\u00fcnde Vertreten durch:Waldemar Faber (GF)Angelo Lella (Technischer GF)\u00a0\u00a0 Kontakt:Telefon. +49 (0) 5223 . 65708 00 Telefax. +49 (0) 5223 . 4926 171E-Mail: info@faber-etec.de Registereintrag:Amtsgericht Bad Oeynhausen HRB 18199Finanzamt B\u00fcnde Umsatzsteuer-Identifikationsnummergem\u00e4\u00df \u00a727 a Umsatzsteuergesetz:USt.-ID \u2013 DE349700086Steuer-Nr. 310\/5724\/2178 Verantwortlich f\u00fcr den Inhalt nach \u00a7 55 Abs. 2 RStV:Waldemar FaberBachstra\u00dfe\u00a0 [&hellip;]<\/p>\n","protected":false},"author":6,"featured_media":0,"parent":0,"menu_order":0,"comment_status":"closed","ping_status":"closed","template":"","meta":{"_acf_changed":false,"footnotes":""},"class_list":["post-114","page","type-page","status-publish","hentry"],"acf":[],"_links":{"self":[{"href":"https:\/\/faber-etec.de\/fr\/wp-json\/wp\/v2\/pages\/114","targetHints":{"allow":["GET"]}}],"collection":[{"href":"https:\/\/faber-etec.de\/fr\/wp-json\/wp\/v2\/pages"}],"about":[{"href":"https:\/\/faber-etec.de\/fr\/wp-json\/wp\/v2\/types\/page"}],"author":[{"embeddable":true,"href":"https:\/\/faber-etec.de\/fr\/wp-json\/wp\/v2\/users\/6"}],"replies":[{"embeddable":true,"href":"https:\/\/faber-etec.de\/fr\/wp-json\/wp\/v2\/comments?post=114"}],"version-history":[{"count":9,"href":"https:\/\/faber-etec.de\/fr\/wp-json\/wp\/v2\/pages\/114\/revisions"}],"predecessor-version":[{"id":16174,"href":"https:\/\/faber-etec.de\/fr\/wp-json\/wp\/v2\/pages\/114\/revisions\/16174"}],"wp:attachment":[{"href":"https:\/\/faber-etec.de\/fr\/wp-json\/wp\/v2\/media?parent=114"}],"curies":[{"name":"wp","href":"https:\/\/api.w.org\/{rel}","templated":true}]}}